{"id":1710,"date":"2021-11-21T15:14:19","date_gmt":"2021-11-21T15:14:19","guid":{"rendered":"https:\/\/veritasinspecoes.com.br\/?page_id=1710"},"modified":"2023-06-16T20:59:04","modified_gmt":"2023-06-16T20:59:04","slug":"about","status":"publish","type":"page","link":"https:\/\/veritasinspecoes.com.br\/?page_id=1710","title":{"rendered":"About"},"content":{"rendered":"\t\t<div data-elementor-type=\"wp-page\" data-elementor-id=\"1710\" class=\"elementor elementor-1710\">\n\t\t\t\t\t\t<section class=\"elementor-section elementor-top-section elementor-element elementor-element-3447f83 elementor-section-height-min-height elementor-section-boxed elementor-section-height-default elementor-section-items-middle\" data-id=\"3447f83\" data-element_type=\"section\" data-settings=\"{&quot;background_background&quot;:&quot;classic&quot;}\">\n\t\t\t\t\t\t<div class=\"elementor-container elementor-column-gap-default\">\n\t\t\t\t\t<div class=\"elementor-column elementor-col-100 elementor-top-column elementor-element elementor-element-b3a35f8\" data-id=\"b3a35f8\" data-element_type=\"column\">\n\t\t\t<div class=\"elementor-widget-wrap elementor-element-populated\">\n\t\t\t\t\t\t<div class=\"elementor-element elementor-element-32eb271 elementor-widget elementor-widget-heading\" data-id=\"32eb271\" data-element_type=\"widget\" data-widget_type=\"heading.default\">\n\t\t\t\t<div class=\"elementor-widget-container\">\n\t\t\t<style>\/*! elementor - v3.19.0 - 28-02-2024 *\/\n.elementor-heading-title{padding:0;margin:0;line-height:1}.elementor-widget-heading .elementor-heading-title[class*=elementor-size-]>a{color:inherit;font-size:inherit;line-height:inherit}.elementor-widget-heading .elementor-heading-title.elementor-size-small{font-size:15px}.elementor-widget-heading .elementor-heading-title.elementor-size-medium{font-size:19px}.elementor-widget-heading .elementor-heading-title.elementor-size-large{font-size:29px}.elementor-widget-heading .elementor-heading-title.elementor-size-xl{font-size:39px}.elementor-widget-heading .elementor-heading-title.elementor-size-xxl{font-size:59px}<\/style><h1 class=\"elementor-heading-title elementor-size-default\">SOBRE N\u00d3S<\/h1>\t\t<\/div>\n\t\t\t\t<\/div>\n\t\t\t\t\t<\/div>\n\t\t<\/div>\n\t\t\t\t\t<\/div>\n\t\t<\/section>\n\t\t\t\t<section class=\"elementor-section elementor-top-section elementor-element elementor-element-460970c elementor-section-boxed elementor-section-height-default elementor-section-height-default\" data-id=\"460970c\" data-element_type=\"section\">\n\t\t\t\t\t\t<div class=\"elementor-container elementor-column-gap-wide\">\n\t\t\t\t\t<div class=\"elementor-column elementor-col-50 elementor-top-column elementor-element elementor-element-21f68a6\" data-id=\"21f68a6\" data-element_type=\"column\">\n\t\t\t<div class=\"elementor-widget-wrap elementor-element-populated\">\n\t\t\t\t\t\t<div class=\"elementor-element elementor-element-670e6d2 elementor-widget elementor-widget-image\" data-id=\"670e6d2\" data-element_type=\"widget\" data-widget_type=\"image.default\">\n\t\t\t\t<div class=\"elementor-widget-container\">\n\t\t\t<style>\/*! elementor - v3.19.0 - 28-02-2024 *\/\n.elementor-widget-image{text-align:center}.elementor-widget-image a{display:inline-block}.elementor-widget-image a img[src$=\".svg\"]{width:48px}.elementor-widget-image img{vertical-align:middle;display:inline-block}<\/style>\t\t\t\t\t\t\t\t\t\t<img fetchpriority=\"high\" decoding=\"async\" width=\"1881\" height=\"1062\" src=\"https:\/\/veritasinspecoes.com.br\/wp-content\/uploads\/2023\/05\/quem-somos.jpg\" class=\"attachment-2048x2048 size-2048x2048 wp-image-1976\" alt=\"\" srcset=\"https:\/\/veritasinspecoes.com.br\/wp-content\/uploads\/2023\/05\/quem-somos.jpg 1881w, https:\/\/veritasinspecoes.com.br\/wp-content\/uploads\/2023\/05\/quem-somos-300x169.jpg 300w, https:\/\/veritasinspecoes.com.br\/wp-content\/uploads\/2023\/05\/quem-somos-1024x578.jpg 1024w, https:\/\/veritasinspecoes.com.br\/wp-content\/uploads\/2023\/05\/quem-somos-768x434.jpg 768w, https:\/\/veritasinspecoes.com.br\/wp-content\/uploads\/2023\/05\/quem-somos-1536x867.jpg 1536w\" sizes=\"(max-width: 1881px) 100vw, 1881px\" \/>\t\t\t\t\t\t\t\t\t\t\t\t\t<\/div>\n\t\t\t\t<\/div>\n\t\t\t\t\t<\/div>\n\t\t<\/div>\n\t\t\t\t<div class=\"elementor-column elementor-col-50 elementor-top-column elementor-element elementor-element-bc42c60\" data-id=\"bc42c60\" data-element_type=\"column\">\n\t\t\t<div class=\"elementor-widget-wrap elementor-element-populated\">\n\t\t\t\t\t\t<div class=\"elementor-element elementor-element-0073403 elementor-widget elementor-widget-heading\" data-id=\"0073403\" data-element_type=\"widget\" data-widget_type=\"heading.default\">\n\t\t\t\t<div class=\"elementor-widget-container\">\n\t\t\t<h2 class=\"elementor-heading-title elementor-size-default\">Conhe\u00e7a a Veritas<\/h2>\t\t<\/div>\n\t\t\t\t<\/div>\n\t\t\t\t<div class=\"elementor-element elementor-element-60241e2 elementor-widget elementor-widget-text-editor\" data-id=\"60241e2\" data-element_type=\"widget\" data-widget_type=\"text-editor.default\">\n\t\t\t\t<div class=\"elementor-widget-container\">\n\t\t\t<style>\/*! elementor - v3.19.0 - 28-02-2024 *\/\n.elementor-widget-text-editor.elementor-drop-cap-view-stacked .elementor-drop-cap{background-color:#69727d;color:#fff}.elementor-widget-text-editor.elementor-drop-cap-view-framed .elementor-drop-cap{color:#69727d;border:3px solid;background-color:transparent}.elementor-widget-text-editor:not(.elementor-drop-cap-view-default) .elementor-drop-cap{margin-top:8px}.elementor-widget-text-editor:not(.elementor-drop-cap-view-default) .elementor-drop-cap-letter{width:1em;height:1em}.elementor-widget-text-editor .elementor-drop-cap{float:left;text-align:center;line-height:1;font-size:50px}.elementor-widget-text-editor .elementor-drop-cap-letter{display:inline-block}<\/style>\t\t\t\t<p>Uma empresa nacional de presta\u00e7\u00e3o de servi\u00e7os para garantia e controle da qualidade. Fundada em 2016, nosso escopo de presta\u00e7\u00e3o de servi\u00e7os inclui atividades como: qualifica\u00e7\u00e3o de soldadores, qualifica\u00e7\u00e3o de EPS, inspe\u00e7\u00e3o de soldagem, documenta\u00e7\u00e3o t\u00e9cnica de soldagem, ultrassom (convencional e Phased array), medi\u00e7\u00e3o de espessura, l\u00edquidos penetrantes, ensaio visual de solda, part\u00edcula magn\u00e9tica e estanqueidade.<\/p>\t\t\t\t\t\t<\/div>\n\t\t\t\t<\/div>\n\t\t\t\t\t<\/div>\n\t\t<\/div>\n\t\t\t\t\t<\/div>\n\t\t<\/section>\n\t\t\t\t<section class=\"elementor-section elementor-top-section elementor-element elementor-element-0a65447 elementor-section-boxed elementor-section-height-default elementor-section-height-default\" data-id=\"0a65447\" data-element_type=\"section\">\n\t\t\t\t\t\t<div class=\"elementor-container elementor-column-gap-default\">\n\t\t\t\t\t<div class=\"elementor-column elementor-col-33 elementor-top-column elementor-element elementor-element-d09bc2b\" data-id=\"d09bc2b\" data-element_type=\"column\">\n\t\t\t<div class=\"elementor-widget-wrap elementor-element-populated\">\n\t\t\t\t\t\t<div class=\"elementor-element elementor-element-ec827f3 elementor-position-top elementor-widget elementor-widget-image-box\" data-id=\"ec827f3\" data-element_type=\"widget\" data-widget_type=\"image-box.default\">\n\t\t\t\t<div class=\"elementor-widget-container\">\n\t\t\t<style>\/*! elementor - v3.19.0 - 28-02-2024 *\/\n.elementor-widget-image-box .elementor-image-box-content{width:100%}@media (min-width:768px){.elementor-widget-image-box.elementor-position-left .elementor-image-box-wrapper,.elementor-widget-image-box.elementor-position-right .elementor-image-box-wrapper{display:flex}.elementor-widget-image-box.elementor-position-right .elementor-image-box-wrapper{text-align:right;flex-direction:row-reverse}.elementor-widget-image-box.elementor-position-left .elementor-image-box-wrapper{text-align:left;flex-direction:row}.elementor-widget-image-box.elementor-position-top .elementor-image-box-img{margin:auto}.elementor-widget-image-box.elementor-vertical-align-top .elementor-image-box-wrapper{align-items:flex-start}.elementor-widget-image-box.elementor-vertical-align-middle .elementor-image-box-wrapper{align-items:center}.elementor-widget-image-box.elementor-vertical-align-bottom .elementor-image-box-wrapper{align-items:flex-end}}@media (max-width:767px){.elementor-widget-image-box .elementor-image-box-img{margin-left:auto!important;margin-right:auto!important;margin-bottom:15px}}.elementor-widget-image-box .elementor-image-box-img{display:inline-block}.elementor-widget-image-box .elementor-image-box-title a{color:inherit}.elementor-widget-image-box .elementor-image-box-wrapper{text-align:center}.elementor-widget-image-box .elementor-image-box-description{margin:0}<\/style><div class=\"elementor-image-box-wrapper\"><figure class=\"elementor-image-box-img\"><img decoding=\"async\" width=\"512\" height=\"512\" src=\"https:\/\/veritasinspecoes.com.br\/wp-content\/uploads\/2023\/05\/bullseye.png\" class=\"attachment-full size-full wp-image-1980\" alt=\"\" srcset=\"https:\/\/veritasinspecoes.com.br\/wp-content\/uploads\/2023\/05\/bullseye.png 512w, https:\/\/veritasinspecoes.com.br\/wp-content\/uploads\/2023\/05\/bullseye-300x300.png 300w, https:\/\/veritasinspecoes.com.br\/wp-content\/uploads\/2023\/05\/bullseye-150x150.png 150w\" sizes=\"(max-width: 512px) 100vw, 512px\" \/><\/figure><div class=\"elementor-image-box-content\"><h3 class=\"elementor-image-box-title\">Miss\u00e3o<\/h3><p class=\"elementor-image-box-description\">Na Veritas Inspe\u00e7\u00f5es, nossa miss\u00e3o \u00e9 fornecer servi\u00e7os de controle de qualidade confi\u00e1veis e de alta qualidade para atender \u00e0s necessidades dos nossos clientes. Nosso objetivo \u00e9 garantir a seguran\u00e7a a conformidade e a efici\u00eancia das opera\u00e7\u00f5es industriais, ajudando as empresas a alcan\u00e7arem os mais altos padr\u00f5es de excel\u00eancia. Estamos comprometidos em ser um parceiro confi\u00e1vel e em contribuir para o sucesso e crescimento sustent\u00e1vel dos nossos clientes.<\/p><\/div><\/div>\t\t<\/div>\n\t\t\t\t<\/div>\n\t\t\t\t\t<\/div>\n\t\t<\/div>\n\t\t\t\t<div class=\"elementor-column elementor-col-33 elementor-top-column elementor-element elementor-element-3cf7803\" data-id=\"3cf7803\" data-element_type=\"column\">\n\t\t\t<div class=\"elementor-widget-wrap elementor-element-populated\">\n\t\t\t\t\t\t<div class=\"elementor-element elementor-element-bd3fea8 elementor-position-top elementor-widget elementor-widget-image-box\" data-id=\"bd3fea8\" data-element_type=\"widget\" data-widget_type=\"image-box.default\">\n\t\t\t\t<div class=\"elementor-widget-container\">\n\t\t\t<div class=\"elementor-image-box-wrapper\"><figure class=\"elementor-image-box-img\"><img decoding=\"async\" width=\"128\" height=\"128\" src=\"https:\/\/veritasinspecoes.com.br\/wp-content\/uploads\/2023\/05\/vision.png\" class=\"attachment-full size-full wp-image-1987\" alt=\"\" \/><\/figure><div class=\"elementor-image-box-content\"><h3 class=\"elementor-image-box-title\">Vis\u00e3o<\/h3><p class=\"elementor-image-box-description\">Nossa vis\u00e3o \u00e9 ser reconhecida como a principal empresa de inspe\u00e7\u00f5es industriais do mercado, estabelecendo refer\u00eancias de excel\u00eancia e inova\u00e7\u00e3o em nossos servi\u00e7os. Queremos ser a escolha preferida dos clientes quando se trata de controle de qualidade. Almejamos ser reconhecidos pela nossa integridade, profissionalismo e capacidade de entregar resultados excepcionais, contribuindo para o avan\u00e7o e a seguran\u00e7a da ind\u00fastria em geral.<\/p><\/div><\/div>\t\t<\/div>\n\t\t\t\t<\/div>\n\t\t\t\t\t<\/div>\n\t\t<\/div>\n\t\t\t\t<div class=\"elementor-column elementor-col-33 elementor-top-column elementor-element elementor-element-fe027bd\" data-id=\"fe027bd\" data-element_type=\"column\">\n\t\t\t<div class=\"elementor-widget-wrap elementor-element-populated\">\n\t\t\t\t\t\t<div class=\"elementor-element elementor-element-391027c elementor-position-top elementor-widget elementor-widget-image-box\" data-id=\"391027c\" data-element_type=\"widget\" data-widget_type=\"image-box.default\">\n\t\t\t\t<div class=\"elementor-widget-container\">\n\t\t\t<div class=\"elementor-image-box-wrapper\"><figure class=\"elementor-image-box-img\"><img loading=\"lazy\" decoding=\"async\" width=\"128\" height=\"128\" src=\"https:\/\/veritasinspecoes.com.br\/wp-content\/uploads\/2023\/05\/rating.png\" class=\"attachment-full size-full wp-image-1991\" alt=\"\" \/><\/figure><div class=\"elementor-image-box-content\"><h3 class=\"elementor-image-box-title\">Valores<\/h3><p class=\"elementor-image-box-description\">Verdade, atendimentos aos requisitos t\u00e9cnicos e transpar\u00eancia. Acreditamos firmemente que a verdade \u00e9 o alicerce de qualquer relacionamento duradouro e saud\u00e1vel, seja com nossos clientes, colaboradores ou parceiros comerciais. Nosso compromisso \u00e9 sempre oferecer informa\u00e7\u00f5es precisas e honestas, evitando qualquer tipo de manipula\u00e7\u00e3o ou falsas promessas.<\/p><\/div><\/div>\t\t<\/div>\n\t\t\t\t<\/div>\n\t\t\t\t\t<\/div>\n\t\t<\/div>\n\t\t\t\t\t<\/div>\n\t\t<\/section>\n\t\t\t\t<\/div>\n\t\t","protected":false},"excerpt":{"rendered":"<p>SOBRE N\u00d3S Conhe\u00e7a a Veritas Uma empresa nacional de presta\u00e7\u00e3o de servi\u00e7os para garantia e controle da qualidade. Fundada em 2016, nosso escopo de presta\u00e7\u00e3o de servi\u00e7os inclui atividades como: qualifica\u00e7\u00e3o de soldadores, qualifica\u00e7\u00e3o de EPS, inspe\u00e7\u00e3o de soldagem, documenta\u00e7\u00e3o t\u00e9cnica de soldagem, ultrassom (convencional e Phased array), medi\u00e7\u00e3o de espessura, l\u00edquidos penetrantes, ensaio visual &hellip;<\/p>\n<p class=\"read-more\"> <a class=\"\" href=\"https:\/\/veritasinspecoes.com.br\/?page_id=1710\"> <span class=\"screen-reader-text\">About<\/span> Leia mais &raquo;<\/a><\/p>\n","protected":false},"author":1,"featured_media":0,"parent":0,"menu_order":0,"comment_status":"closed","ping_status":"closed","template":"","meta":{"site-sidebar-layout":"no-sidebar","site-content-layout":"page-builder","ast-global-header-display":"","ast-main-header-display":"","ast-hfb-above-header-display":"","ast-hfb-below-header-display":"","ast-hfb-mobile-header-display":"","site-post-title":"disabled","ast-breadcrumbs-content":"","ast-featured-img":"disabled","footer-sml-layout":"","theme-transparent-header-meta":"enabled","adv-header-id-meta":"","stick-header-meta":"","header-above-stick-meta":"","header-main-stick-meta":"","header-below-stick-meta":"","_joinchat":[]},"_links":{"self":[{"href":"https:\/\/veritasinspecoes.com.br\/index.php?rest_route=\/wp\/v2\/pages\/1710"}],"collection":[{"href":"https:\/\/veritasinspecoes.com.br\/index.php?rest_route=\/wp\/v2\/pages"}],"about":[{"href":"https:\/\/veritasinspecoes.com.br\/index.php?rest_route=\/wp\/v2\/types\/page"}],"author":[{"embeddable":true,"href":"https:\/\/veritasinspecoes.com.br\/index.php?rest_route=\/wp\/v2\/users\/1"}],"replies":[{"embeddable":true,"href":"https:\/\/veritasinspecoes.com.br\/index.php?rest_route=%2Fwp%2Fv2%2Fcomments&post=1710"}],"version-history":[{"count":25,"href":"https:\/\/veritasinspecoes.com.br\/index.php?rest_route=\/wp\/v2\/pages\/1710\/revisions"}],"predecessor-version":[{"id":2106,"href":"https:\/\/veritasinspecoes.com.br\/index.php?rest_route=\/wp\/v2\/pages\/1710\/revisions\/2106"}],"wp:attachment":[{"href":"https:\/\/veritasinspecoes.com.br\/index.php?rest_route=%2Fwp%2Fv2%2Fmedia&parent=1710"}],"curies":[{"name":"wp","href":"https:\/\/api.w.org\/{rel}","templated":true}]}}